{"id":2040,"date":"2015-05-23T20:15:14","date_gmt":"2015-05-23T20:15:14","guid":{"rendered":"http:\/\/zmws.waw.pl\/?page_id=2040"},"modified":"2024-04-15T16:36:27","modified_gmt":"2024-04-15T16:36:27","slug":"dokumenty","status":"publish","type":"page","link":"https:\/\/zmws.waw.pl\/?page_id=2040","title":{"rendered":"DOKUMENTY"},"content":{"rendered":"<p><strong>Wolno\u015b\u0107 s\u0142owa to jedno z podstawowych praw obywatelskich w ustroju demokratycznym. Poni\u017cej dokumenty prawne, kt\u00f3re j\u0105 gwarantuj\u0105.<\/strong><\/p>\n<p><strong>Warto pami\u0119ta\u0107, \u017ce wolno\u015b\u0107 s\u0142owa to nie tylko czynne prawo do wyra\u017cania pogl\u0105d\u00f3w, lecz tak\u017ce bierne prawo obywatela do otrzymywania prawdziwej i niezafa\u0142szowanej informacji,<\/strong><\/p>\n<p>&nbsp;<\/p>\n<p><strong>Konstytucja RP, tekst jednolity<\/strong>.<\/p>\n<p><a href=\"http:\/\/www.sejm.gov.pl\/prawo\/konst\/polski\/kon1.htm\" target=\"_blank\" rel=\"noopener\">http:\/\/www.sejm.gov.pl\/prawo\/konst\/polski\/kon1.htm<\/a><\/p>\n<p>&nbsp;<\/p>\n<p><strong>Prawo Prasowe.<\/strong><\/p>\n<p><a href=\"http:\/\/isap.sejm.gov.pl\/DetailsServlet?id=WDU19840050024\">http:\/\/isap.sejm.gov.pl\/DetailsServlet?id=WDU19840050024<\/a><\/p>\n<p>&nbsp;<\/p>\n<p><strong>Konwencja o Ochronie Praw Cz\u0142owieka i Podstawowych\u00a0Wolno\u015bci<\/strong><\/p>\n<p><a href=\"http:\/\/www.strasbourgre.mfa.gov.pl\/resource\/fedf40b7-3c0a-42d2-8bdf-296772ce7295\" target=\"_blank\" rel=\"noopener\">http:\/\/www.strasbourgre.mfa.gov.pl\/resource\/fedf40b7-3c0a-42d2-8bdf-296772ce7295<\/a><\/p>\n<p>lub<\/p>\n<p><a href=\"http:\/\/isap.sejm.gov.pl\/DetailsServlet?id=WDU19930610284\" target=\"_blank\" rel=\"noopener\">http:\/\/isap.sejm.gov.pl\/DetailsServlet?id=WDU19930610284<\/a><\/p>\n<p><strong>Prawa pacjenta:<\/strong><\/p>\n<p><strong>Pacjent ma prawo do wyboru sposobu leczenia i wyboru lekarza w takim zakresie, jaki uwa\u017ca za s\u0142uszny. Reguluje to Konstytucja oraz prawa szczeg\u00f3\u0142owe polskie i europejskie.<\/strong><\/p>\n<ul>\n<li><span style=\"font-size: 16px;\">Ustawa z dnia 6 listopada 2008 r. o prawach pacjenta i Rzeczniku Praw Pacjenta. <a href=\"https:\/\/isap.sejm.gov.pl\/isap.nsf\/DocDetails.xsp?id=wdu20090520417\">(PDF TUTAJ)<\/a><\/span><\/li>\n<li>Europejska Karta Praw Pacjent\u00f3w. (<a href=\"https:\/\/www.activecitizenship.net\/charter-of-rights.html\">link<\/a>)<\/li>\n<\/ul>\n<p>&nbsp;<\/p>\n","protected":false},"excerpt":{"rendered":"<p>Wolno\u015b\u0107 s\u0142owa to jedno z podstawowych praw obywatelskich w ustroju demokratycznym. Poni\u017cej dokumenty prawne, kt\u00f3re j\u0105 gwarantuj\u0105. Warto pami\u0119ta\u0107, \u017ce wolno\u015b\u0107 s\u0142owa to nie tylko&hellip;<\/p>\n","protected":false},"author":1,"featured_media":0,"parent":0,"menu_order":0,"comment_status":"closed","ping_status":"open","template":"","meta":{"footnotes":""},"class_list":["post-2040","page","type-page","status-publish","hentry"],"_links":{"self":[{"href":"https:\/\/zmws.waw.pl\/index.php?rest_route=\/wp\/v2\/pages\/2040","targetHints":{"allow":["GET"]}}],"collection":[{"href":"https:\/\/zmws.waw.pl\/index.php?rest_route=\/wp\/v2\/pages"}],"about":[{"href":"https:\/\/zmws.waw.pl\/index.php?rest_route=\/wp\/v2\/types\/page"}],"author":[{"embeddable":true,"href":"https:\/\/zmws.waw.pl\/index.php?rest_route=\/wp\/v2\/users\/1"}],"replies":[{"embeddable":true,"href":"https:\/\/zmws.waw.pl\/index.php?rest_route=%2Fwp%2Fv2%2Fcomments&post=2040"}],"version-history":[{"count":4,"href":"https:\/\/zmws.waw.pl\/index.php?rest_route=\/wp\/v2\/pages\/2040\/revisions"}],"predecessor-version":[{"id":4677,"href":"https:\/\/zmws.waw.pl\/index.php?rest_route=\/wp\/v2\/pages\/2040\/revisions\/4677"}],"wp:attachment":[{"href":"https:\/\/zmws.waw.pl\/index.php?rest_route=%2Fwp%2Fv2%2Fmedia&parent=2040"}],"curies":[{"name":"wp","href":"https:\/\/api.w.org\/{rel}","templated":true}]}}