{"id":4604,"date":"2024-04-12T09:41:58","date_gmt":"2024-04-12T09:41:58","guid":{"rendered":"https:\/\/zmws.waw.pl\/?page_id=4604"},"modified":"2026-02-11T20:56:12","modified_gmt":"2026-02-11T20:56:12","slug":"zimna-prawda-film-o-manipulowaniu-prawda-o-klimacie","status":"publish","type":"page","link":"https:\/\/zmws.waw.pl\/?page_id=4604","title":{"rendered":""},"content":{"rendered":"<p>Zimna<span style=\"font-size: 18pt;\"><strong> prawda, film dokumentalny o manipulowaniu prawd\u0105 o klimacie.<\/strong><\/span><\/p>\n<p>Film dokumentalny Martina Durkina zamieszczamy, nie zabieraj\u0105c g\u0142osu na temat zmian klimatu &#8211; czy istniej\u0105 one, czy nie, a je\u015bli tak, jak s\u0105 one du\u017ce i czym s\u0105 one powodowane. <strong>Film opisuje jednak dok\u0142adnie mechanizmy t\u0142umienia wolno\u015bci s\u0142owa w nauce i sposoby uciszania poszczeg\u00f3lnych naukowc\u00f3w. <\/strong>Opisuje te\u017c sposoby prowadzenia nachalnej propagandy.<\/p>\n<p><strong>T\u0142umienie wolno\u015bci my\u015blenia i dyskusji naukowej przeczy podstawowej zasadzie nauki, jak\u0105 jest toczenie\u00a0 spor\u00f3w i pod\u0105\u017canie dzi\u0119ki nim ku prawdzie.<\/strong><\/p>\n<p>Film wstrz\u0105sn\u0105\u0142 opini\u0105 publiczn\u0105 na ca\u0142ym \u015bwiecie, jest dost\u0119pny w wielu j\u0119zykach, jednak serwis Youtube usuwa go, realizuj\u0105c cele korporacji i grup wp\u0142ywu, kt\u00f3rym film szkodzi. W istocie rzeczy ta cenzura potwierdza przynajmniej cz\u0119\u015b\u0107 przekazu zawartego w dokumencie. Tym bardziej istnieje wi\u0119c potrzeba jego rozpowszechniania.<\/p>\n<p>Fragment opisu:<\/p>\n<p><em>Film zawiera wywiady z wieloma wybitnymi naukowcami, w tym z profesorem Stevenem Kooninem (autorem ksi\u0105\u017cki &#8222;Kryzys klimatyczny? Prawdy, p\u00f3\u0142prawdy i k\u0142amstwa&#8230;&#8221;, by\u0142ym rektorem i wiceprezesem Caltech), profesorem Dickiem Lindzenem (by\u0142ym profesorem meteorologii na Harvardzie i MIT), profesorem Willem Happerem (profesorem fizyki w Princeton), doktorem Johnem Clauserem (laureatem Nagrody Nobla w dziedzinie fizyki w 2022 roku), profesorem Nirem Shavivem (Instytut Fizyki Racah), profesorem Rossem McKitrickiem (Uniwersytet Guelph), Williem Soonem i kilkoma innymi.<\/em><\/p>\n<p>Film posiada polskie napisy. Osoby z niespersonalizowanym, automatycznie ustawiaj\u0105cym napisy kontem YT, musz\u0105 w\u0142\u0105czy\u0107 je indywidualnie.<\/p>\n<p><iframe loading=\"lazy\" title=\"Climate: The Movie (The Cold Truth) DE\/FR\/PL\" width=\"843\" height=\"474\" src=\"https:\/\/www.youtube.com\/embed\/Ia2UgAS84aY?feature=oembed\" frameborder=\"0\" allow=\"accelerometer; autoplay; clipboard-write; encrypted-media; gyroscope; picture-in-picture; web-share\" referrerpolicy=\"strict-origin-when-cross-origin\" allowfullscreen><\/iframe><\/p>\n","protected":false},"excerpt":{"rendered":"<p>Zimna prawda, film dokumentalny o manipulowaniu prawd\u0105 o klimacie. Film dokumentalny Martina Durkina zamieszczamy, nie zabieraj\u0105c g\u0142osu na temat zmian klimatu &#8211; czy istniej\u0105 one,&hellip;<\/p>\n","protected":false},"author":1,"featured_media":0,"parent":0,"menu_order":0,"comment_status":"closed","ping_status":"closed","template":"","meta":{"footnotes":""},"class_list":["post-4604","page","type-page","status-publish","hentry"],"_links":{"self":[{"href":"https:\/\/zmws.waw.pl\/index.php?rest_route=\/wp\/v2\/pages\/4604","targetHints":{"allow":["GET"]}}],"collection":[{"href":"https:\/\/zmws.waw.pl\/index.php?rest_route=\/wp\/v2\/pages"}],"about":[{"href":"https:\/\/zmws.waw.pl\/index.php?rest_route=\/wp\/v2\/types\/page"}],"author":[{"embeddable":true,"href":"https:\/\/zmws.waw.pl\/index.php?rest_route=\/wp\/v2\/users\/1"}],"replies":[{"embeddable":true,"href":"https:\/\/zmws.waw.pl\/index.php?rest_route=%2Fwp%2Fv2%2Fcomments&post=4604"}],"version-history":[{"count":10,"href":"https:\/\/zmws.waw.pl\/index.php?rest_route=\/wp\/v2\/pages\/4604\/revisions"}],"predecessor-version":[{"id":5171,"href":"https:\/\/zmws.waw.pl\/index.php?rest_route=\/wp\/v2\/pages\/4604\/revisions\/5171"}],"wp:attachment":[{"href":"https:\/\/zmws.waw.pl\/index.php?rest_route=%2Fwp%2Fv2%2Fmedia&parent=4604"}],"curies":[{"name":"wp","href":"https:\/\/api.w.org\/{rel}","templated":true}]}}