{"id":4755,"date":"2024-05-15T14:05:44","date_gmt":"2024-05-15T14:05:44","guid":{"rendered":"https:\/\/zmws.waw.pl\/?page_id=4755"},"modified":"2024-09-20T13:15:51","modified_gmt":"2024-09-20T13:15:51","slug":"tlumienie-wolnosci-slowa-w-nauce-dokumentacja","status":"publish","type":"page","link":"https:\/\/zmws.waw.pl\/?page_id=4755","title":{"rendered":"T\u0142umienie wolno\u015bci s\u0142owa w nauce &#8211; dokumentacja."},"content":{"rendered":"<p>Ta podstrona stanowi errat\u0119 do tekstu &#8222;<a href=\"http:\/\/zmws.waw.pl\/?p=4701\">Coraz wi\u0119kszy problem z wolno\u015bci\u0105 nauki. Narasta cenzurowanie i zastraszanie naukowc\u00f3w<\/a>&#8222;.<\/p>\n<p>Zapisy powtarzaj\u0105 si\u0119, poniewa\u017c zamie\u015bcili\u015bmy zar\u00f3wno odno\u015bniki jak i zrzuty ekranu na wypadek znikni\u0119cia z sieci bezpo\u015brednich odno\u015bnik\u00f3w.<\/p>\n<p id=\"kDjGXqQ\"><img loading=\"lazy\" decoding=\"async\" width=\"833\" height=\"739\" class=\"alignnone size-full wp-image-4824 \" src=\"http:\/\/zmws.waw.pl\/wp-content\/uploads\/2024\/05\/img_664cc23e31867.png\" alt=\"\" srcset=\"https:\/\/zmws.waw.pl\/wp-content\/uploads\/2024\/05\/img_664cc23e31867.png 833w, https:\/\/zmws.waw.pl\/wp-content\/uploads\/2024\/05\/img_664cc23e31867-300x266.png 300w, https:\/\/zmws.waw.pl\/wp-content\/uploads\/2024\/05\/img_664cc23e31867-768x681.png 768w\" sizes=\"auto, (max-width: 833px) 100vw, 833px\" \/><\/p>\n<blockquote class=\"twitter-tweet\" data-width=\"550\" data-dnt=\"true\">\n<p lang=\"pl\" dir=\"ltr\">Panie rzeczniku towarzyszu R\u00f3\u017cyk, jeste\u015bcie \u017ca\u0142o\u015bni. Na pierdni\u0119cie ch\u0142ystka lobbysty stajecie na baczno\u015b\u0107 i k\u0142adziecie si\u0119 plackiem. I ustawiacie do pionu niepokornych naukowc\u00f3w. Wam si\u0119 chyba czasy pomyli\u0142y, bo odtwarzacie kropka w kropk\u0119 zwyczaje z g\u0142\u0119bi Peerelu. <br \/>I g\u0119by niech\u2026 <a href=\"https:\/\/t.co\/8FsMPCDu0E\">https:\/\/t.co\/8FsMPCDu0E<\/a><\/p>\n<p>&mdash; \u0141ukasz Warzecha (@lkwarzecha) <a href=\"https:\/\/twitter.com\/lkwarzecha\/status\/1782730220065144855?ref_src=twsrc%5Etfw\">April 23, 2024<\/a><\/p><\/blockquote>\n<p><script async src=\"https:\/\/platform.twitter.com\/widgets.js\" charset=\"utf-8\"><\/script><\/p>\n<p>&nbsp;<\/p>\n<blockquote class=\"twitter-tweet\" data-width=\"550\" data-dnt=\"true\">\n<p lang=\"pl\" dir=\"ltr\">Jak Pa\u0144stwo s\u0105dz\u0105 &#8211; klimatystyczni naganiacze, cenzurujacy naukowc\u00f3w, odnale\u017aliby si\u0119 w czasach Rewolucji Kulturalnej w ChRL? Ja my\u015bl\u0119, \u017ce czuliby si\u0119 jak ryba w wodzie.<a href=\"https:\/\/t.co\/zUsVvwIKc1\">https:\/\/t.co\/zUsVvwIKc1<\/a><\/p>\n<p>&mdash; \u0141ukasz Warzecha (@lkwarzecha) <a href=\"https:\/\/twitter.com\/lkwarzecha\/status\/1782968966685548610?ref_src=twsrc%5Etfw\">April 24, 2024<\/a><\/p><\/blockquote>\n<p><script async src=\"https:\/\/platform.twitter.com\/widgets.js\" charset=\"utf-8\"><\/script><\/p>\n<blockquote class=\"twitter-tweet\" data-width=\"550\" data-dnt=\"true\">\n<p lang=\"pl\" dir=\"ltr\">Pan rzecznik Ministerstwa Klimatu ca\u0142kowitym przypadkiem pracowa\u0142 w fundacji, kt\u00f3ra dla m. Warszawy robi\u0142a badania masowego poparcia dla wprowadzenia SCT. <a href=\"https:\/\/t.co\/V2CraqGcud\">https:\/\/t.co\/V2CraqGcud<\/a><\/p>\n<p>&mdash; \u0141ukasz Warzecha (@lkwarzecha) <a href=\"https:\/\/twitter.com\/lkwarzecha\/status\/1782736573701693842?ref_src=twsrc%5Etfw\">April 23, 2024<\/a><\/p><\/blockquote>\n<p><script async src=\"https:\/\/platform.twitter.com\/widgets.js\" charset=\"utf-8\"><\/script><\/p>\n<blockquote class=\"twitter-tweet\" data-width=\"550\" data-dnt=\"true\">\n<p lang=\"pl\" dir=\"ltr\">Czytam \u017cyciorys i dokonania prof. Leszka Marksa, zdaje si\u0119 g\u0142\u00f3wnego autora komunikatu PIG. Jest to przera\u017caj\u0105ca reminiscencja z g\u0142\u0119bi Peerelu, \u017ce cz\u0142owiek o takich naukowych dokonaniach nie zostaje wezwany do normalnej naukowej debaty przez oponent\u00f3w, tylko jaki\u015b smarkaty gnojek,\u2026 <a href=\"https:\/\/t.co\/AKPjZP88QB\">pic.twitter.com\/AKPjZP88QB<\/a><\/p>\n<p>&mdash; \u0141ukasz Warzecha (@lkwarzecha) <a href=\"https:\/\/twitter.com\/lkwarzecha\/status\/1782762897904459843?ref_src=twsrc%5Etfw\">April 23, 2024<\/a><\/p><\/blockquote>\n<p><script async src=\"https:\/\/platform.twitter.com\/widgets.js\" charset=\"utf-8\"><\/script><\/p>\n<p><img decoding=\"async\" src=\"https:\/\/scontent-waw2-1.xx.fbcdn.net\/v\/t39.30808-6\/438829679_7816128145065060_7129842602782116486_n.jpg?stp=dst-jpg_p480x480&amp;_nc_cat=106&amp;_nc_cb=99be929b-2300bf0b&amp;ccb=1-7&amp;_nc_sid=5f2048&amp;_nc_ohc=LWHzDvP5IHsQ7kNvgFi47oG&amp;_nc_ht=scontent-waw2-1.xx&amp;oh=00_AYCFNvO1plTynqnZfXYOQH3Bt4cbbIjgFQ2Zi1ShPmznUg&amp;oe=66469B01\" \/><img decoding=\"async\" src=\"https:\/\/scontent-waw2-1.xx.fbcdn.net\/v\/t39.30808-6\/438706127_7815839628427245_969489751282114275_n.jpg?stp=dst-jpg_p320x320&amp;_nc_cat=102&amp;_nc_cb=99be929b-2300bf0b&amp;ccb=1-7&amp;_nc_sid=5f2048&amp;_nc_ohc=J4dzJMhu-PYQ7kNvgGH5t3b&amp;_nc_ht=scontent-waw2-1.xx&amp;oh=00_AYBTGAeM89eyVIOvN4W8z5LUJGwaHfDUhBCpDIVLwc4lnw&amp;oe=66469C30\" \/><img decoding=\"async\" src=\"https:\/\/scontent-waw2-1.xx.fbcdn.net\/v\/t39.30808-6\/438670133_7815839421760599_6733236986792978370_n.jpg?stp=dst-jpg_s600x600&amp;_nc_cat=107&amp;_nc_cb=99be929b-2300bf0b&amp;ccb=1-7&amp;_nc_sid=5f2048&amp;_nc_ohc=mzY17g2s8S8Q7kNvgEkPtgD&amp;_nc_ht=scontent-waw2-1.xx&amp;oh=00_AYBopVN-ELSvByMmfJHF0Gp3NeJ4KzbFhHtYniMC0DBveQ&amp;oe=6646A9C3\" \/><\/p>\n<p id=\"gaoUsJR\"><img loading=\"lazy\" decoding=\"async\" width=\"370\" height=\"600\" class=\"alignnone size-full wp-image-4712 \" src=\"http:\/\/zmws.waw.pl\/wp-content\/uploads\/2024\/05\/img_6640d44b24561.png\" alt=\"\" srcset=\"https:\/\/zmws.waw.pl\/wp-content\/uploads\/2024\/05\/img_6640d44b24561.png 370w, https:\/\/zmws.waw.pl\/wp-content\/uploads\/2024\/05\/img_6640d44b24561-185x300.png 185w\" sizes=\"auto, (max-width: 370px) 100vw, 370px\" \/><\/p>\n<p id=\"TLZLWET\"><img loading=\"lazy\" decoding=\"async\" width=\"270\" height=\"600\" class=\"alignnone size-full wp-image-4711 \" src=\"http:\/\/zmws.waw.pl\/wp-content\/uploads\/2024\/05\/img_6640d4373a0f1.png\" alt=\"\" srcset=\"https:\/\/zmws.waw.pl\/wp-content\/uploads\/2024\/05\/img_6640d4373a0f1.png 270w, https:\/\/zmws.waw.pl\/wp-content\/uploads\/2024\/05\/img_6640d4373a0f1-135x300.png 135w\" sizes=\"auto, (max-width: 270px) 100vw, 270px\" \/><\/p>\n<p id=\"CNNFhpd\"><img loading=\"lazy\" decoding=\"async\" width=\"320\" height=\"583\" class=\"alignnone size-full wp-image-4710 \" src=\"http:\/\/zmws.waw.pl\/wp-content\/uploads\/2024\/05\/img_6640d42a27816.png\" alt=\"\" srcset=\"https:\/\/zmws.waw.pl\/wp-content\/uploads\/2024\/05\/img_6640d42a27816.png 320w, https:\/\/zmws.waw.pl\/wp-content\/uploads\/2024\/05\/img_6640d42a27816-165x300.png 165w\" sizes=\"auto, (max-width: 320px) 100vw, 320px\" \/><\/p>\n<p id=\"fbsSkaU\"><img loading=\"lazy\" decoding=\"async\" width=\"591\" height=\"480\" class=\"alignnone size-full wp-image-4709 \" src=\"http:\/\/zmws.waw.pl\/wp-content\/uploads\/2024\/05\/img_6640d41866efc.png\" alt=\"\" srcset=\"https:\/\/zmws.waw.pl\/wp-content\/uploads\/2024\/05\/img_6640d41866efc.png 591w, https:\/\/zmws.waw.pl\/wp-content\/uploads\/2024\/05\/img_6640d41866efc-300x244.png 300w\" sizes=\"auto, (max-width: 591px) 100vw, 591px\" \/><\/p>\n<p><img loading=\"lazy\" decoding=\"async\" width=\"1203\" height=\"875\" class=\"alignnone size-full wp-image-4734 \" src=\"http:\/\/zmws.waw.pl\/wp-content\/uploads\/2024\/05\/img_664118fa0d45d.png\" alt=\"\" srcset=\"https:\/\/zmws.waw.pl\/wp-content\/uploads\/2024\/05\/img_664118fa0d45d.png 1203w, https:\/\/zmws.waw.pl\/wp-content\/uploads\/2024\/05\/img_664118fa0d45d-300x218.png 300w, https:\/\/zmws.waw.pl\/wp-content\/uploads\/2024\/05\/img_664118fa0d45d-1024x745.png 1024w, https:\/\/zmws.waw.pl\/wp-content\/uploads\/2024\/05\/img_664118fa0d45d-768x559.png 768w\" sizes=\"auto, (max-width: 1203px) 100vw, 1203px\" \/>Przyk\u0142adowy screen z masowej cenzury dokonywanej przez propagandow\u0105 organizacj\u0119 &#8222;Demagog&#8221; wsp\u00f3\u0142pracuj\u0105c\u0105 z portalem Zuckerberga i op\u0142acan\u0105 przez zainteresowane dezinformacj\u0105 liczne podmioty zagraniczne. Tak wygl\u0105da dzi\u015b korzystanie z portalu Facebook, m.in. za spraw\u0105 wspomnianej organizacji. Niemal zawsze &#8222;sprawdzone \u017ar\u00f3d\u0142a&#8221; to niskiej jako\u015bci pojedyncze badania, strony anonimowych kolejnych organizacji lobbingowych lub politycznych organizacji, np. IPCC, znanej z fa\u0142szowania danych i nierzetelno\u015bci. <img loading=\"lazy\" decoding=\"async\" width=\"748\" height=\"730\" class=\"alignnone size-full wp-image-4791 \" src=\"http:\/\/zmws.waw.pl\/wp-content\/uploads\/2024\/05\/img_6648a5e3960c8.png\" alt=\"\" srcset=\"https:\/\/zmws.waw.pl\/wp-content\/uploads\/2024\/05\/img_6648a5e3960c8.png 748w, https:\/\/zmws.waw.pl\/wp-content\/uploads\/2024\/05\/img_6648a5e3960c8-300x293.png 300w\" sizes=\"auto, (max-width: 748px) 100vw, 748px\" \/><\/p>\n<p><iframe loading=\"lazy\" title=\"YouTube video player\" src=\"https:\/\/www.youtube.com\/embed\/YD1U1W_oygk?si=_Z4vQ81PzitgsIZc\" width=\"560\" height=\"315\" frameborder=\"0\" allowfullscreen=\"allowfullscreen\"><\/iframe><\/p>\n<p>&nbsp;<\/p>\n<p>&nbsp;<\/p>\n<p>&nbsp;<\/p>\n","protected":false},"excerpt":{"rendered":"<p>Ta podstrona stanowi errat\u0119 do tekstu &#8222;Coraz wi\u0119kszy problem z wolno\u015bci\u0105 nauki. Narasta cenzurowanie i zastraszanie naukowc\u00f3w&#8222;. Zapisy powtarzaj\u0105 si\u0119, poniewa\u017c zamie\u015bcili\u015bmy zar\u00f3wno odno\u015bniki jak&hellip;<\/p>\n","protected":false},"author":1,"featured_media":0,"parent":0,"menu_order":0,"comment_status":"closed","ping_status":"closed","template":"","meta":{"footnotes":""},"class_list":["post-4755","page","type-page","status-publish","hentry"],"_links":{"self":[{"href":"https:\/\/zmws.waw.pl\/index.php?rest_route=\/wp\/v2\/pages\/4755","targetHints":{"allow":["GET"]}}],"collection":[{"href":"https:\/\/zmws.waw.pl\/index.php?rest_route=\/wp\/v2\/pages"}],"about":[{"href":"https:\/\/zmws.waw.pl\/index.php?rest_route=\/wp\/v2\/types\/page"}],"author":[{"embeddable":true,"href":"https:\/\/zmws.waw.pl\/index.php?rest_route=\/wp\/v2\/users\/1"}],"replies":[{"embeddable":true,"href":"https:\/\/zmws.waw.pl\/index.php?rest_route=%2Fwp%2Fv2%2Fcomments&post=4755"}],"version-history":[{"count":18,"href":"https:\/\/zmws.waw.pl\/index.php?rest_route=\/wp\/v2\/pages\/4755\/revisions"}],"predecessor-version":[{"id":4998,"href":"https:\/\/zmws.waw.pl\/index.php?rest_route=\/wp\/v2\/pages\/4755\/revisions\/4998"}],"wp:attachment":[{"href":"https:\/\/zmws.waw.pl\/index.php?rest_route=%2Fwp%2Fv2%2Fmedia&parent=4755"}],"curies":[{"name":"wp","href":"https:\/\/api.w.org\/{rel}","templated":true}]}}