{"id":94,"date":"2014-07-07T10:49:01","date_gmt":"2014-07-07T10:49:01","guid":{"rendered":"http:\/\/zmws.waw.pl\/?page_id=94"},"modified":"2024-02-19T19:29:59","modified_gmt":"2024-02-19T19:29:59","slug":"kontakt","status":"publish","type":"page","link":"https:\/\/zmws.waw.pl\/?page_id=94","title":{"rendered":"O NAS"},"content":{"rendered":"<p style=\"text-align: justify;\">Warszawa, 1 lipca 2014 r.<\/p>\n<p style=\"text-align: justify;\"><span style=\"font-size: 12pt; color: #000000; font-family: arial, helvetica, sans-serif;\">Zesp\u00f3\u0142 Monitoringu Wolno\u015bci S\u0142owa powo\u0142any zosta\u0142 w celu prowadzenia obserwacji stanu przestrzegania wolno\u015bci s\u0142owa\u00a0w Polsce. Jego uczestnikami s\u0105 m.in. dawni dzia\u0142acze opozycji i wi\u0119\u017aniowie polityczni w PRL, dla kt\u00f3rych prawa obywatelskie i wolno\u015b\u0107 s\u0142owa pozosta\u0142y do dzi\u015b wa\u017cnymi warto\u015bciami.<\/span><\/p>\n<p style=\"color: #120b12; text-align: justify;\"><span style=\"font-size: 12pt; font-family: arial, helvetica, sans-serif;\">Wolno\u015b\u0107 nie jest warto\u015bci\u0105 dan\u0105 nam na zawsze, wci\u0105\u017c pojawiaj\u0105 si\u0119 nowe zagro\u017cenia. W ostatnim czasie jest ich na tyle du\u017co, \u017ce organizacje powo\u0142ane niegdy\u015b do kontroli przestrzegania praw obywatelskich i wolno\u015bci s\u0142owa nie s\u0105 w stanie zapanowa\u0107 nad monitorowaniem naruszania tych praw, zw\u0142aszcza, \u017ce spo\u0142eczna apatia prowadzi do eskalacji tych narusze\u0144. Organizacje te okaza\u0142y si\u0119 te\u017c zbyt cz\u0119sto podatne na zagro\u017cenia zale\u017cno\u015bci od w\u0142adzy \u2013 pomijaj\u0105 cz\u0119\u015b\u0107 zjawisk lub zdarze\u0144 z powodu gro\u017aby szykan, jak np. odebranie dotacji, albo gro\u017aby utrudnie\u0144 lokalowych.<\/span><\/p>\n<p style=\"color: #120b12; text-align: justify;\"><span style=\"font-size: 12pt; font-family: arial, helvetica, sans-serif;\">Wolno\u015b\u0107 s\u0142owa powinna by\u0107 kontrolowana zawsze. Bardzo \u0142atwo mo\u017ce si\u0119 ona sta\u0107 pozorna lub cz\u0119\u015bciowa i dotyczy\u0107 tylko spraw si\u0119gaj\u0105cych niegro\u017anego dla nikogo pu\u0142apu.<\/span><br \/>\n<span style=\"font-size: 12pt; font-family: arial, helvetica, sans-serif;\"> W kraju, w kt\u00f3rym pozornie panuje wolno\u015b\u0107 s\u0142owa, mo\u017ce by\u0107 ona ograniczana, gdy chodzi o kluczowe tematy niebezpieczne dla sprawuj\u0105cych w\u0142adz\u0119 grup interesu, na szczeblu zar\u00f3wno lokalnym lub krajowym. W chwili powstania zagro\u017cenia grupy takie mog\u0105 uruchamia\u0107 procesy blokowania informacji, manipulowania ni\u0105 i zastraszania \u2013 zar\u00f3wno dziennikarzy lub organizacji ujawniaj\u0105cych patologie, jak i protestuj\u0105cych obywateli. Szczeg\u00f3lnie gro\u017ane dla demokratycznego porz\u0105dku staj\u0105 si\u0119 przypadki wykorzystywania funkcjonariuszy pa\u0144stwa do wspomnianych politycznych lub kryminalnych cel\u00f3w.<\/span><\/p>\n<p style=\"color: #120b12; text-align: justify;\"><span style=\"font-size: 12pt; font-family: arial, helvetica, sans-serif;\">Powa\u017cnym utrudnieniem dla opinii publicznej sta\u0142a si\u0119 te\u017c polityczna dychotomia propagandowa w Polsce. Brak neutralnych i obiektywnych medi\u00f3w stwarza problemy z odr\u00f3\u017cnieniem, kt\u00f3ra informacja dotyczy sytuacji realnego zagro\u017cenia wolno\u015bci obywatelskich, a kt\u00f3ra jest tylko propagandowym wyolbrzymieniem zdarzenia nieistotnego. Powy\u017cszy chaos informacyjny prowadzi do zoboj\u0119tnienia w obliczu kolejnych alarmuj\u0105cych fa\u0142szywych sygna\u0142\u00f3w i lekcewa\u017cenia prawdziwych zagro\u017ce\u0144, gdy si\u0119 pojawiaj\u0105. Z drugiej strony, wiele mechanizm\u00f3w zagra\u017caj\u0105cych wolno\u015bciom obywatelskim funkcjonuje w ukryciu, w spos\u00f3b nie rzucaj\u0105cy si\u0119 w oczy opinii publicznej. Dlatego wa\u017cna jest rzetelna selekcja informacji o tych zagro\u017ceniach i ich analiza.<\/span><\/p>\n<p><span style=\"font-family: arial, helvetica, sans-serif; font-size: 12pt;\">\u00a0<span style=\"color: #000000;\">Zesp\u00f3\u0142 Monitoringu Wolno\u015bci S\u0142owa\u00a0jest apolityczny &#8211; \u017caden z uczestnik\u00f3w ZMWS nie ma zwi\u0105zku z jakimkolwiek ugrupowaniem politycznym. Celem naszego dzia\u0142ania jest:<\/span><\/span><\/p>\n<p><span style=\"font-size: 12pt; font-family: arial, helvetica, sans-serif; color: #000000;\">&#8211; zwracanie uwagi na realne naruszenia konstytucyjnych wolno\u015bci obywatelskich, przede wszystkim wolno\u015bci wypowiedzi, oraz dokumentowanie tych narusze\u0144, gromadzenie w jednym miejscu informacji o takich zdarzeniach;<\/span><\/p>\n<p><span style=\"font-size: 12pt; font-family: arial, helvetica, sans-serif; color: #000000;\">&#8211; definiowanie zagro\u017ce\u0144 dla wolno\u015bci wypowiedzi, cz\u0119sto ukrywanych lub maskowanych, niewidocznych dla szerokiej opinii publicznej;<\/span><\/p>\n<p><span style=\"font-size: 12pt; font-family: arial, helvetica, sans-serif; color: #000000;\">&#8211; kultywowanie idei wolno\u015bci s\u0142owa i pami\u0119\u0107 o ludziach, kt\u00f3rzy ponosili ofiary dla tej idei.<\/span><\/p>\n<p><span style=\"font-family: arial, helvetica, sans-serif; color: #000000; font-size: 12pt;\">\u00a0Wyra\u017camy nadziej\u0119, \u017ce nasze dzia\u0142anie mie\u0107 b\u0119dzie charakter sporadyczny, \u017ce polska demokracja potrafi przezwyci\u0119\u017cy\u0107 problemy zaistnia\u0142e w ostatnim czasie na polu przestrzegania wolno\u015bci s\u0142owa.<\/span><\/p>\n<p><span style=\"font-family: arial, helvetica, sans-serif; font-size: 12pt;\">Zesp\u00f3\u0142 Monitoringu Wolno\u015bci S\u0142owa dzia\u0142a w formule komitetu spo\u0142ecznego.<\/span><\/p>\n<p>&nbsp;<\/p>\n","protected":false},"excerpt":{"rendered":"<p>Warszawa, 1 lipca 2014 r. Zesp\u00f3\u0142 Monitoringu Wolno\u015bci S\u0142owa powo\u0142any zosta\u0142 w celu prowadzenia obserwacji stanu przestrzegania wolno\u015bci s\u0142owa\u00a0w Polsce. Jego uczestnikami s\u0105 m.in. dawni&hellip;<\/p>\n","protected":false},"author":1,"featured_media":0,"parent":0,"menu_order":0,"comment_status":"closed","ping_status":"open","template":"","meta":{"footnotes":""},"class_list":["post-94","page","type-page","status-publish","hentry"],"_links":{"self":[{"href":"https:\/\/zmws.waw.pl\/index.php?rest_route=\/wp\/v2\/pages\/94","targetHints":{"allow":["GET"]}}],"collection":[{"href":"https:\/\/zmws.waw.pl\/index.php?rest_route=\/wp\/v2\/pages"}],"about":[{"href":"https:\/\/zmws.waw.pl\/index.php?rest_route=\/wp\/v2\/types\/page"}],"author":[{"embeddable":true,"href":"https:\/\/zmws.waw.pl\/index.php?rest_route=\/wp\/v2\/users\/1"}],"replies":[{"embeddable":true,"href":"https:\/\/zmws.waw.pl\/index.php?rest_route=%2Fwp%2Fv2%2Fcomments&post=94"}],"version-history":[{"count":4,"href":"https:\/\/zmws.waw.pl\/index.php?rest_route=\/wp\/v2\/pages\/94\/revisions"}],"predecessor-version":[{"id":4496,"href":"https:\/\/zmws.waw.pl\/index.php?rest_route=\/wp\/v2\/pages\/94\/revisions\/4496"}],"wp:attachment":[{"href":"https:\/\/zmws.waw.pl\/index.php?rest_route=%2Fwp%2Fv2%2Fmedia&parent=94"}],"curies":[{"name":"wp","href":"https:\/\/api.w.org\/{rel}","templated":true}]}}